{"id":2644,"date":"2025-11-05T09:00:34","date_gmt":"2025-11-05T08:00:34","guid":{"rendered":"https:\/\/seelenreisen-aegypten.com\/?post_type=product&#038;p=2644"},"modified":"2025-11-05T09:09:15","modified_gmt":"2025-11-05T08:09:15","slug":"sistrum-hathor-energie-2-2","status":"publish","type":"product","link":"https:\/\/seelenreisen-aegypten.com\/index.php\/produkt\/sistrum-hathor-energie-2-2\/","title":{"rendered":"Sistrum Sekhmet"},"content":{"rendered":"<p>Sistrum mit der L\u00f6weng\u00f6ttin Sekhmet, Kupfer. Geweiht mit den Energien der G\u00f6ttin.<\/p>\n<p>Sekhmet galt als die furchtbare Tochter des Sonnengottes Re, ausgesandt, um die Menschheit zu bestrafen, und zugleich als diejenige, die Heilung bringt, wenn ihr Zorn bes\u00e4nftigt ist. Ihr Anblick vereint beides: die unersch\u00fctterliche Ruhe des G\u00f6ttlichen und die unb\u00e4ndige Energie des Lebens selbst.<\/p>\n<p>Das Sistrum ist eine Klangrassel, welches die Priesterinnen nutzen um sich w\u00e4hrend der heiligen Zeremonien und Rituale mit den G\u00f6ttinnen zu verbinden. Es reinigt die Energien der Person die es spielt und des Raumes, erh\u00f6ht die eigene Schwingung und verhilft mit seinem Klang in die Sph\u00e4ren der Hathoren (und auch Isis) zu gelangen. Spiele das Sistrum, chantre Mantren, tanze &#8211; und lade die Hathoren in deinen Raum ein.<\/p>\n<p>Der Versand erfolgt aus \u00c4gypten. Bitte w\u00e4hle die entsprechende Versandklasse aus.<\/p>\n","protected":false},"excerpt":{"rendered":"<p>Sistrum mit der L\u00f6weng\u00f6ttin Sekhmet, Kupfer. Geweiht mit den Energien der G\u00f6ttin.<\/p>\n<p>Der Versand erfolgt aus \u00c4gypten. Bitte w\u00e4hle die entsprechende Versandklasse aus.<\/p>\n","protected":false},"featured_media":2646,"comment_status":"open","ping_status":"closed","template":"","meta":{"om_disable_all_campaigns":false,"_monsterinsights_skip_tracking":false,"_monsterinsights_sitenote_active":false,"_monsterinsights_sitenote_note":"","_monsterinsights_sitenote_category":0,"_uf_show_specific_survey":0,"_uf_disable_surveys":false},"product_brand":[],"product_cat":[48,50],"product_tag":[40,44,38,41],"class_list":{"0":"post-2644","1":"product","2":"type-product","3":"status-publish","4":"has-post-thumbnail","6":"product_cat-sekhmet","7":"product_cat-sistrum","8":"product_tag-ancient-egypt","9":"product_tag-ankh","10":"product_tag-isis","11":"product_tag-priestess","12":"product_shipping_class-aegypten","13":"latest_post","15":"first","16":"instock","17":"sold-individually","18":"purchasable","19":"product-type-simple"},"aioseo_notices":[],"jetpack_sharing_enabled":true,"_links":{"self":[{"href":"https:\/\/seelenreisen-aegypten.com\/index.php\/wp-json\/wp\/v2\/product\/2644","targetHints":{"allow":["GET"]}}],"collection":[{"href":"https:\/\/seelenreisen-aegypten.com\/index.php\/wp-json\/wp\/v2\/product"}],"about":[{"href":"https:\/\/seelenreisen-aegypten.com\/index.php\/wp-json\/wp\/v2\/types\/product"}],"replies":[{"embeddable":true,"href":"https:\/\/seelenreisen-aegypten.com\/index.php\/wp-json\/wp\/v2\/comments?post=2644"}],"version-history":[{"count":2,"href":"https:\/\/seelenreisen-aegypten.com\/index.php\/wp-json\/wp\/v2\/product\/2644\/revisions"}],"predecessor-version":[{"id":2648,"href":"https:\/\/seelenreisen-aegypten.com\/index.php\/wp-json\/wp\/v2\/product\/2644\/revisions\/2648"}],"wp:featuredmedia":[{"embeddable":true,"href":"https:\/\/seelenreisen-aegypten.com\/index.php\/wp-json\/wp\/v2\/media\/2646"}],"wp:attachment":[{"href":"https:\/\/seelenreisen-aegypten.com\/index.php\/wp-json\/wp\/v2\/media?parent=2644"}],"wp:term":[{"taxonomy":"product_brand","embeddable":true,"href":"https:\/\/seelenreisen-aegypten.com\/index.php\/wp-json\/wp\/v2\/product_brand?post=2644"},{"taxonomy":"product_cat","embeddable":true,"href":"https:\/\/seelenreisen-aegypten.com\/index.php\/wp-json\/wp\/v2\/product_cat?post=2644"},{"taxonomy":"product_tag","embeddable":true,"href":"https:\/\/seelenreisen-aegypten.com\/index.php\/wp-json\/wp\/v2\/product_tag?post=2644"}],"curies":[{"name":"wp","href":"https:\/\/api.w.org\/{rel}","templated":true}]}}