{"id":2544,"date":"2025-10-30T08:35:52","date_gmt":"2025-10-30T07:35:52","guid":{"rendered":"https:\/\/seelenreisen-aegypten.com\/index.php\/produkt\/sekhmet-mit-blattgold-seele-der-goettin\/"},"modified":"2025-11-05T06:05:12","modified_gmt":"2025-11-05T05:05:12","slug":"sekhmet-mit-blattgold-seele-der-goettin","status":"publish","type":"product","link":"https:\/\/seelenreisen-aegypten.com\/index.php\/produkt\/sekhmet-mit-blattgold-seele-der-goettin\/","title":{"rendered":"Sekhmet mit Blattgold &#8211; Seele der G\u00f6ttin"},"content":{"rendered":"<p>&#8222;Sachmet \u2013 Die L\u00f6weng\u00f6ttin des g\u00f6ttlichen Zorns und der Heilung<\/p>\n<p>Diese erhabene Standfigur zeigt die G\u00f6ttin Sachmet, die \u201eM\u00e4chtige\u201c, in ihrer majest\u00e4tischen Erscheinung. Mit der Sonnenscheibe auf dem L\u00f6wenhaupt, dem Lotuszepter in der einen und dem Anch-Zeichen in der anderen Hand verk\u00f6rpert sie zugleich Zerst\u00f6rung und Heilung, g\u00f6ttliche Kraft und lebensspendende Energie.<\/p>\n<p>Das Original dieser Statue steht noch immer im Heiligtum des Ptah-Tempels von Karnak, wohin sie in sp\u00e4terer Zeit versetzt wurde. Urspr\u00fcnglich entstammt sie jedoch dem Totentempel Amenophis\u2019 III. Auf der Westbank von Luxor, der einst Hunderte solcher Sachmet-Statuen beherbergte. Dort bildeten sie einen monumentalen Kreis des Schutzes und der Erneuerung \u2013 jede Statue ein lebendiges Abbild der feurigen Macht der G\u00f6ttin, geschaffen, um Krankheiten und Unheil von K\u00f6nig und Land fernzuhalten.<\/p>\n<p>Sachmet galt als die furchtbare Tochter des Sonnengottes Re, ausgesandt, um die Menschheit zu bestrafen, und zugleich als diejenige, die Heilung bringt, wenn ihr Zorn bes\u00e4nftigt ist. Ihr Anblick vereint beides: die unersch\u00fctterliche Ruhe des G\u00f6ttlichen und die unb\u00e4ndige Energie des Lebens selbst.<\/p>\n<p>Diese Replik bewahrt die eindrucksvolle Pr\u00e4senz der L\u00f6weng\u00f6ttin, deren Macht im Herzen des Tempels noch heute sp\u00fcrbar ist \u2013 ein Sinnbild f\u00fcr Schutz, Mut und die heilende Kraft, die aus g\u00f6ttlicher St\u00e4rke erw\u00e4chst.&#8220;<\/p>\n<p>Jedes St\u00fcck ist ein Unikat, handgefertigt von meinem lieben Freund und Hathoren Bruder Thorsten.<\/p>\n<p>Dieses St\u00fcck ist sofort verf\u00fcgbar. Die Wartezeit f\u00fcr ein neues Replikat betr\u00e4gt 3-4 Wochen.<\/p>\n<p>H\u00f6he: 40cm<\/p>\n<p>Jede Replika wird von mir pers\u00f6nlich als Portal zur Seele der G\u00f6ttin Hathor eingeweiht.<\/p>\n","protected":false},"excerpt":{"rendered":"<p>Diese Replik bewahrt die eindrucksvolle Pr\u00e4senz der L\u00f6weng\u00f6ttin, deren Macht im Herzen des Tempels noch heute sp\u00fcrbar ist \u2013 ein Sinnbild f\u00fcr Schutz, Mut und die heilende Kraft, die aus g\u00f6ttlicher St\u00e4rke erw\u00e4chst.&#8220;<\/p>\n<p>Jedes St\u00fcck ist ein Unikat, handgefertigt von meinem lieben Freund und Hathoren Bruder Thorsten.<\/p>\n<p>Dieses St\u00fcck ist sofort verf\u00fcgbar. Die Wartezeit f\u00fcr ein neues Replikat betr\u00e4gt 3-4 Wochen.<\/p>\n<p>H\u00f6he: 40cm<\/p>\n<p>Jede Replika wird von mir pers\u00f6nlich als Portal zur Seele der G\u00f6ttin Hathor eingeweiht.<\/p>\n","protected":false},"featured_media":2541,"comment_status":"open","ping_status":"closed","template":"","meta":{"om_disable_all_campaigns":false,"_monsterinsights_skip_tracking":false,"_monsterinsights_sitenote_active":false,"_monsterinsights_sitenote_note":"","_monsterinsights_sitenote_category":0,"_uf_show_specific_survey":0,"_uf_disable_surveys":false},"product_brand":[],"product_cat":[55,48],"product_tag":[],"class_list":{"0":"post-2544","1":"product","2":"type-product","3":"status-publish","4":"has-post-thumbnail","6":"product_cat-replikate","7":"product_cat-sekhmet","8":"latest_post","10":"first","11":"instock","12":"purchasable","13":"product-type-simple"},"aioseo_notices":[],"jetpack_sharing_enabled":true,"_links":{"self":[{"href":"https:\/\/seelenreisen-aegypten.com\/index.php\/wp-json\/wp\/v2\/product\/2544","targetHints":{"allow":["GET"]}}],"collection":[{"href":"https:\/\/seelenreisen-aegypten.com\/index.php\/wp-json\/wp\/v2\/product"}],"about":[{"href":"https:\/\/seelenreisen-aegypten.com\/index.php\/wp-json\/wp\/v2\/types\/product"}],"replies":[{"embeddable":true,"href":"https:\/\/seelenreisen-aegypten.com\/index.php\/wp-json\/wp\/v2\/comments?post=2544"}],"version-history":[{"count":2,"href":"https:\/\/seelenreisen-aegypten.com\/index.php\/wp-json\/wp\/v2\/product\/2544\/revisions"}],"predecessor-version":[{"id":2559,"href":"https:\/\/seelenreisen-aegypten.com\/index.php\/wp-json\/wp\/v2\/product\/2544\/revisions\/2559"}],"wp:featuredmedia":[{"embeddable":true,"href":"https:\/\/seelenreisen-aegypten.com\/index.php\/wp-json\/wp\/v2\/media\/2541"}],"wp:attachment":[{"href":"https:\/\/seelenreisen-aegypten.com\/index.php\/wp-json\/wp\/v2\/media?parent=2544"}],"wp:term":[{"taxonomy":"product_brand","embeddable":true,"href":"https:\/\/seelenreisen-aegypten.com\/index.php\/wp-json\/wp\/v2\/product_brand?post=2544"},{"taxonomy":"product_cat","embeddable":true,"href":"https:\/\/seelenreisen-aegypten.com\/index.php\/wp-json\/wp\/v2\/product_cat?post=2544"},{"taxonomy":"product_tag","embeddable":true,"href":"https:\/\/seelenreisen-aegypten.com\/index.php\/wp-json\/wp\/v2\/product_tag?post=2544"}],"curies":[{"name":"wp","href":"https:\/\/api.w.org\/{rel}","templated":true}]}}