{"id":2524,"date":"2025-10-30T08:11:51","date_gmt":"2025-10-30T07:11:51","guid":{"rendered":"https:\/\/seelenreisen-aegypten.com\/index.php\/produkt\/produkt\/"},"modified":"2025-11-05T06:26:03","modified_gmt":"2025-11-05T05:26:03","slug":"hathor-kapitell","status":"publish","type":"product","link":"https:\/\/seelenreisen-aegypten.com\/index.php\/produkt\/hathor-kapitell\/","title":{"rendered":"Hathor Kapitell &#8211; handgefertigte Replik"},"content":{"rendered":"<p><em>&#8222;Hathor-Kapitell \u2013 Antlitz der G\u00f6ttin der Freude und Liebe<\/em><\/p>\n<p><em>Diese exakte Replik zeigt das Antlitz der G\u00f6ttin Hathor, wie es einst die S\u00e4ulen \u00e4gyptischer Tempel der Sp\u00e4tzeit zierte. Ihr ruhiges, harmonisches Gesicht mit den charakteristischen Kuhohren und zarten Rosettenmustern verk\u00f6rpert Sch\u00f6nheit, Schutz und g\u00f6ttliche Anmut.<\/em><\/p>\n<p><em>Urspr\u00fcnglich schm\u00fcckten vier Hathor-K\u00f6pfe die Kapitelle \u2013 nach allen Himmelsrichtungen ausgerichtet, damit der Segen der G\u00f6ttin \u00fcberallhin strahle.<\/em><\/p>\n<p><em>Die Form dieses Kapitells ist eng mit dem Sistrum verbunden, dem heiligen Rasselinstrument der Hathor-Priesterinnen. Sein Klang galt als lebensspendend, als Mittel, um die G\u00f6ttin zu bes\u00e4nftigen und g\u00f6ttliche Harmonie in die Welt zu bringen. So steht auch die Architekturform selbst f\u00fcr Musik, Freude und das Erwachen der sch\u00f6pferischen Kr\u00e4fte.<\/em><\/p>\n<p><em>Im Alten \u00c4gypten galt Hathor als G\u00f6ttin der Liebe, Musik und Lebensfreude, als Mutter des Horus und Besch\u00fctzerin der Wiedergeburt. Ihr Bild auf den Tempels\u00e4ulen symbolisierte die Kraft, die das Heiligtum \u201etrug\u201c \u2013 die n\u00e4hrende, lebensspendende Energie der Weiblichkeit selbst.<\/em><\/p>\n<p><em>Diese Replik bringt die spirituelle Pr\u00e4senz der \u201eHerrin des Himmels\u201c in den Raum \u2013 ein Sinnbild f\u00fcr Harmonie, Freude und die sch\u00f6pferische Macht des Weiblichen<\/em>.&#8220;<\/p>\n<p>Jedes St\u00fcck ist ein Unikat, handgefertigt von meinem lieben Freund und Hathoren Bruder Thorsten. Diese Hathor hat, wie Du auf den Fotos sehen kannst, ein Farbmuster rund um die Augen, welches den Eindruck von Freudentr\u00e4nen vermittelt. Dies ist ganz von alleine entstanden und \u00fcberbringt eine ganz individuelle Botschaft an die neue Eigent\u00fcmerin dieses Seelen-Schatzes.<\/p>\n<p>Diese Replika wird von mir pers\u00f6nlich als Portal zur Seele der G\u00f6ttin Hathor eingeweiht.<\/p>\n<p>Dieses St\u00fcck ist sofort verf\u00fcgbar. Versand innerhalb von Deutschland 10\u20ac. Die Wartezeit f\u00fcr ein neues Replikat betr\u00e4gt 3-4 Wochen.<\/p>\n<p>H\u00f6he: 34cm<\/p>\n","protected":false},"excerpt":{"rendered":"<p>&#8222;Hathor-Kapitell \u2013 Antlitz der G\u00f6ttin der Freude und Liebe Diese exakte Replik zeigt das Antlitz der G\u00f6ttin Hathor, wie es einst die S\u00e4ulen \u00e4gyptischer Tempel &hellip; <\/p>\n","protected":false},"featured_media":2520,"comment_status":"open","ping_status":"closed","template":"","meta":{"om_disable_all_campaigns":false,"_monsterinsights_skip_tracking":false,"_monsterinsights_sitenote_active":false,"_monsterinsights_sitenote_note":"","_monsterinsights_sitenote_category":0,"_uf_show_specific_survey":0,"_uf_disable_surveys":false},"product_brand":[],"product_cat":[49,55],"product_tag":[],"class_list":{"0":"post-2524","1":"product","2":"type-product","3":"status-publish","4":"has-post-thumbnail","6":"product_cat-hathor","7":"product_cat-replikate","8":"latest_post","10":"first","11":"instock","12":"purchasable","13":"product-type-simple"},"aioseo_notices":[],"jetpack_sharing_enabled":true,"_links":{"self":[{"href":"https:\/\/seelenreisen-aegypten.com\/index.php\/wp-json\/wp\/v2\/product\/2524","targetHints":{"allow":["GET"]}}],"collection":[{"href":"https:\/\/seelenreisen-aegypten.com\/index.php\/wp-json\/wp\/v2\/product"}],"about":[{"href":"https:\/\/seelenreisen-aegypten.com\/index.php\/wp-json\/wp\/v2\/types\/product"}],"replies":[{"embeddable":true,"href":"https:\/\/seelenreisen-aegypten.com\/index.php\/wp-json\/wp\/v2\/comments?post=2524"}],"version-history":[{"count":1,"href":"https:\/\/seelenreisen-aegypten.com\/index.php\/wp-json\/wp\/v2\/product\/2524\/revisions"}],"predecessor-version":[{"id":2525,"href":"https:\/\/seelenreisen-aegypten.com\/index.php\/wp-json\/wp\/v2\/product\/2524\/revisions\/2525"}],"wp:featuredmedia":[{"embeddable":true,"href":"https:\/\/seelenreisen-aegypten.com\/index.php\/wp-json\/wp\/v2\/media\/2520"}],"wp:attachment":[{"href":"https:\/\/seelenreisen-aegypten.com\/index.php\/wp-json\/wp\/v2\/media?parent=2524"}],"wp:term":[{"taxonomy":"product_brand","embeddable":true,"href":"https:\/\/seelenreisen-aegypten.com\/index.php\/wp-json\/wp\/v2\/product_brand?post=2524"},{"taxonomy":"product_cat","embeddable":true,"href":"https:\/\/seelenreisen-aegypten.com\/index.php\/wp-json\/wp\/v2\/product_cat?post=2524"},{"taxonomy":"product_tag","embeddable":true,"href":"https:\/\/seelenreisen-aegypten.com\/index.php\/wp-json\/wp\/v2\/product_tag?post=2524"}],"curies":[{"name":"wp","href":"https:\/\/api.w.org\/{rel}","templated":true}]}}