{"id":1553,"date":"2025-02-21T19:07:50","date_gmt":"2025-02-21T18:07:50","guid":{"rendered":"https:\/\/seelenreisen-aegypten.com\/?post_type=product&#038;p=1553"},"modified":"2025-10-29T15:46:40","modified_gmt":"2025-10-29T14:46:40","slug":"hathor-anhaenger-2","status":"publish","type":"product","link":"https:\/\/seelenreisen-aegypten.com\/index.php\/produkt\/hathor-anhaenger-2\/","title":{"rendered":"Hathor Anh\u00e4nger Gold mit Opal"},"content":{"rendered":"<p>Anh\u00e4nger Silber, vergoldet mit Opal.<\/p>\n<p>Die Hathoren sind feinstoffliche Wesenheiten mit Bezug zum Sirius und der Venus. Auf der Erde wurden die liebevollen Hathoren unter der Gottheit Hathor verehrt. Ihr Name (Het Heru) bedeutet nicht nur &#8222;Haus des Horus&#8220;, sondern auch &#8222;Geb\u00e4rmutter des kosmischen Bewusstsein&#8220; bedeutet. Der Tempel der Hathor und die Hathoren spielen in meinem Leben eine sehr sehr wichtige Rolle, so wie bei unseren spirituellen Reisen durch \u00c4gypten. Bei meinem ersten Besuch dieses unglaublichen Tempels in Dendera, blieb mir nichts anderes \u00fcbrig als im Heiligtum weinend auf die Knie zu gehen. Wie ein kleines Kind, welches endlich wieder nach Hause finden durfte. So kann ich mich nicht \u00fcber die Namensbedeutung wundern, f\u00fchlt sich dieser Kraftort doch an wie die Verbindung zum kosmischen Urscho\u00df der gro\u00dfen Mutterg\u00f6ttin Sophia.<\/p>\n<p>Die G\u00f6ttin Hathor verk\u00f6rpert die weiblichen Aspekte, die Empf\u00e4ngnis und Fruchtbarkeit, Musik und Tanz (die Hathoren arbeiten mit T\u00f6nen und Schwingungen!), die Freuden und die Gen\u00fcsse des Lebens und nat\u00fcrlich die Liebe.<\/p>\n<p>Versand: der Versand erfolgt aus \u00c4gypten. Bitte das entsprechende Versand-Profil ausw\u00e4hlen.<\/p>\n","protected":false},"excerpt":{"rendered":"<p>Anh\u00e4nger aus Silber, vergoldet 25k, Regenbogen-Opal als Sonnenscheibe zwischen den Kuhh\u00f6rnern. 4,5cm<\/p>\n<p>Die Seelen-Sch\u00e4tze der Hathor Kollektion wurden nat\u00fcrlich von mir pers\u00f6nlich eingeweiht. Ihre Energie erinnert dich an deine eigene urm\u00fctterliche Essenz. Sie h\u00e4lt dich sicher und geborgen in ihrem Scho\u00df, w\u00e4hrend deiner tiefen Prozesse und Transformationen, auf dem Pfad deiner Mysterienreise.<\/p>\n<p>Versand: der Versand erfolgt aus \u00c4gypten. Bitte das entsprechende Versand-Profil ausw\u00e4hlen.<\/p>\n<p>&nbsp;<\/p>\n","protected":false},"featured_media":2484,"comment_status":"closed","ping_status":"closed","template":"","meta":{"om_disable_all_campaigns":false,"_monsterinsights_skip_tracking":false,"_monsterinsights_sitenote_active":false,"_monsterinsights_sitenote_note":"","_monsterinsights_sitenote_category":0,"_uf_show_specific_survey":0,"_uf_disable_surveys":false},"product_brand":[],"product_cat":[49],"product_tag":[40,44,38,41],"class_list":{"0":"post-1553","1":"product","2":"type-product","3":"status-publish","4":"has-post-thumbnail","6":"product_cat-hathor","7":"product_tag-ancient-egypt","8":"product_tag-ankh","9":"product_tag-isis","10":"product_tag-priestess","11":"product_shipping_class-aegypten","12":"latest_post","14":"first","15":"instock","16":"purchasable","17":"product-type-simple"},"aioseo_notices":[],"jetpack_sharing_enabled":true,"_links":{"self":[{"href":"https:\/\/seelenreisen-aegypten.com\/index.php\/wp-json\/wp\/v2\/product\/1553","targetHints":{"allow":["GET"]}}],"collection":[{"href":"https:\/\/seelenreisen-aegypten.com\/index.php\/wp-json\/wp\/v2\/product"}],"about":[{"href":"https:\/\/seelenreisen-aegypten.com\/index.php\/wp-json\/wp\/v2\/types\/product"}],"replies":[{"embeddable":true,"href":"https:\/\/seelenreisen-aegypten.com\/index.php\/wp-json\/wp\/v2\/comments?post=1553"}],"version-history":[{"count":3,"href":"https:\/\/seelenreisen-aegypten.com\/index.php\/wp-json\/wp\/v2\/product\/1553\/revisions"}],"predecessor-version":[{"id":2486,"href":"https:\/\/seelenreisen-aegypten.com\/index.php\/wp-json\/wp\/v2\/product\/1553\/revisions\/2486"}],"wp:featuredmedia":[{"embeddable":true,"href":"https:\/\/seelenreisen-aegypten.com\/index.php\/wp-json\/wp\/v2\/media\/2484"}],"wp:attachment":[{"href":"https:\/\/seelenreisen-aegypten.com\/index.php\/wp-json\/wp\/v2\/media?parent=1553"}],"wp:term":[{"taxonomy":"product_brand","embeddable":true,"href":"https:\/\/seelenreisen-aegypten.com\/index.php\/wp-json\/wp\/v2\/product_brand?post=1553"},{"taxonomy":"product_cat","embeddable":true,"href":"https:\/\/seelenreisen-aegypten.com\/index.php\/wp-json\/wp\/v2\/product_cat?post=1553"},{"taxonomy":"product_tag","embeddable":true,"href":"https:\/\/seelenreisen-aegypten.com\/index.php\/wp-json\/wp\/v2\/product_tag?post=1553"}],"curies":[{"name":"wp","href":"https:\/\/api.w.org\/{rel}","templated":true}]}}