{"id":1526,"date":"2025-02-17T18:37:28","date_gmt":"2025-02-17T17:37:28","guid":{"rendered":"https:\/\/seelenreisen-aegypten.com\/index.php\/produkt\/isis-gold-regenbogen-opal\/"},"modified":"2025-11-22T16:26:59","modified_gmt":"2025-11-22T15:26:59","slug":"isis-gold-regenbogen-opal","status":"publish","type":"product","link":"https:\/\/seelenreisen-aegypten.com\/index.php\/produkt\/isis-gold-regenbogen-opal\/","title":{"rendered":"Isis Gold Regenbogen Opal"},"content":{"rendered":"<p>Isis Kettenanh\u00e4nger Silver vergoldet Regenbogen Opal<\/p>\n<p>Isis dargestellt mit den besch\u00fctzenden Falken Fl\u00fcgeln, Silber vergoldet mit Regenbogen Opal.<\/p>\n<p>Verbinde dich mit diesem Kettenanh\u00e4nger mit den Energien der uralten Mysterien der Isis. Sie wird dich durch eine tiefgehende Transformation f\u00fchren, an dessen Ende du deiner wahren Seelen-Essenz gegen\u00fcber stehst.<\/p>\n<p>Der Versand erfolgt aus \u00c4gypten. Bitte w\u00e4hle die entsprechende Versandklasse aus.<\/p>\n","protected":false},"excerpt":{"rendered":"<p>Isis Kettenanh\u00e4nger Silver vergoldet Regenbogen Opal Isis dargestellt mit den besch\u00fctzenden Falken Fl\u00fcgeln, Silber vergoldet mit Regenbogen Opal. Verbinde dich mit diesem Kettenanh\u00e4nger mit den &hellip; <\/p>\n","protected":false},"featured_media":1529,"comment_status":"open","ping_status":"closed","template":"","meta":{"om_disable_all_campaigns":false,"_monsterinsights_skip_tracking":false,"_monsterinsights_sitenote_active":false,"_monsterinsights_sitenote_note":"","_monsterinsights_sitenote_category":0,"_uf_show_specific_survey":0,"_uf_disable_surveys":false},"product_brand":[],"product_cat":[46],"product_tag":[],"class_list":{"0":"post-1526","1":"product","2":"type-product","3":"status-publish","4":"has-post-thumbnail","6":"product_cat-isis","7":"product_shipping_class-aegypten","8":"latest_post","10":"first","11":"instock","12":"purchasable","13":"product-type-simple"},"aioseo_notices":[],"jetpack_sharing_enabled":true,"_links":{"self":[{"href":"https:\/\/seelenreisen-aegypten.com\/index.php\/wp-json\/wp\/v2\/product\/1526","targetHints":{"allow":["GET"]}}],"collection":[{"href":"https:\/\/seelenreisen-aegypten.com\/index.php\/wp-json\/wp\/v2\/product"}],"about":[{"href":"https:\/\/seelenreisen-aegypten.com\/index.php\/wp-json\/wp\/v2\/types\/product"}],"replies":[{"embeddable":true,"href":"https:\/\/seelenreisen-aegypten.com\/index.php\/wp-json\/wp\/v2\/comments?post=1526"}],"version-history":[{"count":4,"href":"https:\/\/seelenreisen-aegypten.com\/index.php\/wp-json\/wp\/v2\/product\/1526\/revisions"}],"predecessor-version":[{"id":2671,"href":"https:\/\/seelenreisen-aegypten.com\/index.php\/wp-json\/wp\/v2\/product\/1526\/revisions\/2671"}],"wp:featuredmedia":[{"embeddable":true,"href":"https:\/\/seelenreisen-aegypten.com\/index.php\/wp-json\/wp\/v2\/media\/1529"}],"wp:attachment":[{"href":"https:\/\/seelenreisen-aegypten.com\/index.php\/wp-json\/wp\/v2\/media?parent=1526"}],"wp:term":[{"taxonomy":"product_brand","embeddable":true,"href":"https:\/\/seelenreisen-aegypten.com\/index.php\/wp-json\/wp\/v2\/product_brand?post=1526"},{"taxonomy":"product_cat","embeddable":true,"href":"https:\/\/seelenreisen-aegypten.com\/index.php\/wp-json\/wp\/v2\/product_cat?post=1526"},{"taxonomy":"product_tag","embeddable":true,"href":"https:\/\/seelenreisen-aegypten.com\/index.php\/wp-json\/wp\/v2\/product_tag?post=1526"}],"curies":[{"name":"wp","href":"https:\/\/api.w.org\/{rel}","templated":true}]}}