{"id":1240,"date":"2025-01-03T15:03:36","date_gmt":"2025-01-03T14:03:36","guid":{"rendered":"https:\/\/seelenreisen-aegypten.com\/?post_type=product&#038;p=1240"},"modified":"2025-11-06T22:22:47","modified_gmt":"2025-11-06T21:22:47","slug":"horus-statue-seele-des-gottes-sacred-masculine-energy","status":"publish","type":"product","link":"https:\/\/seelenreisen-aegypten.com\/index.php\/produkt\/horus-statue-seele-des-gottes-sacred-masculine-energy\/","title":{"rendered":"Horus Statue, Seele des Gottes! Sacred Masculine Energy"},"content":{"rendered":"<p>Horus mit Doppelkrone, Tempel des Horus in Edfu. 22,5 cm, 770g.<\/p>\n<p>Horus, Sohn von Isis und Osiris, ist die Verk\u00f6rperung der heiligen m\u00e4nnlichen Energie in all seiner Sch\u00f6nheit und Liebe. Eine Energie, wie du sie im Tempel des Horus zu sp\u00fcren bekommst. Stark, Pr\u00e4sent, Halt gebend und Besch\u00fctzend! Frei von Missbrauch, Manipulation und Gewalt&#8230;<\/p>\n<p>Arbeite mit Horus zusammen um dich, an deine eigene heilige maskuline Energie zu erinnern (egal ob Mann oder Frau, sie steckt in uns allen), deine Energien ins Gleichgewicht zu bringen oder Themen rund um die M\u00e4nnlichkeit in die Heilung zu bringen.<\/p>\n<p>Diese Statue ist in einem uralten Ritual der G\u00f6ttin Isis geweiht worden. Wie damals die gro\u00dfen Statuen in den Heiligt\u00fcmern der Tempel, bildet sie ein Portal zur Seelen-Essenz der G\u00f6ttin. Du kannst es dir vorstellen, wie ein zweites Zuhause der Seele oder ein Fenster zwischen der feinstofflichen und der grobstofflichen Welt durch welches Du in Kontakt mit dem Gott treten kannst. Die Energien von Horus werden die deinen spiegeln und dir dabei verhelfen noch intensiver auf den Pfad deiner Seele zu wandern. Bist du bereit deinem Ruf zu folgen?Lass dich von ihr auf deinem eigenen Mysterienweg unterst\u00fctzen und halt geben, wenn die (Geburts-)Wellen der Transformation Deine Schale brechen und die Wiedergeburt deiner Seelen-Essenz einleiten.<\/p>\n","protected":false},"excerpt":{"rendered":"<p>Horus mit Doppelkrone, Tempel des Horus in Edfu. 22,5 cm, 770g.<\/p>\n<p>Horus, Sohn von Isis und Osiris, ist die Verk\u00f6rperung der heiligen m\u00e4nnlichen Energie in all seiner Sch\u00f6nheit und Liebe. Eine Energie, wie du sie im Tempel des Horus zu sp\u00fcren bekommst. Stark, Pr\u00e4sent, Halt gebend und Besch\u00fctzend! Frei von Missbrauch, Manipulation und Gewalt&#8230;<\/p>\n<p>Arbeite mit Horus zusammen um dich, an deine eigene heilige maskuline Energie zu erinnern (egal ob Mann oder Frau, sie steckt in uns allen), deine Energien ins Gleichgewicht zu bringen oder Themen rund um die M\u00e4nnlichkeit in die Heilung zu bringen.<\/p>\n","protected":false},"featured_media":1196,"comment_status":"closed","ping_status":"closed","template":"","meta":{"om_disable_all_campaigns":false,"_monsterinsights_skip_tracking":false,"_monsterinsights_sitenote_active":false,"_monsterinsights_sitenote_note":"","_monsterinsights_sitenote_category":0,"_uf_show_specific_survey":0,"_uf_disable_surveys":false},"product_brand":[],"product_cat":[36],"product_tag":[51],"class_list":{"0":"post-1240","1":"product","2":"type-product","3":"status-publish","4":"has-post-thumbnail","6":"product_cat-ankh","7":"product_tag-horus","8":"latest_post","10":"first","11":"outofstock","12":"sale","13":"shipping-taxable","14":"purchasable","15":"product-type-simple"},"aioseo_notices":[],"jetpack_sharing_enabled":true,"_links":{"self":[{"href":"https:\/\/seelenreisen-aegypten.com\/index.php\/wp-json\/wp\/v2\/product\/1240","targetHints":{"allow":["GET"]}}],"collection":[{"href":"https:\/\/seelenreisen-aegypten.com\/index.php\/wp-json\/wp\/v2\/product"}],"about":[{"href":"https:\/\/seelenreisen-aegypten.com\/index.php\/wp-json\/wp\/v2\/types\/product"}],"replies":[{"embeddable":true,"href":"https:\/\/seelenreisen-aegypten.com\/index.php\/wp-json\/wp\/v2\/comments?post=1240"}],"version-history":[{"count":0,"href":"https:\/\/seelenreisen-aegypten.com\/index.php\/wp-json\/wp\/v2\/product\/1240\/revisions"}],"wp:featuredmedia":[{"embeddable":true,"href":"https:\/\/seelenreisen-aegypten.com\/index.php\/wp-json\/wp\/v2\/media\/1196"}],"wp:attachment":[{"href":"https:\/\/seelenreisen-aegypten.com\/index.php\/wp-json\/wp\/v2\/media?parent=1240"}],"wp:term":[{"taxonomy":"product_brand","embeddable":true,"href":"https:\/\/seelenreisen-aegypten.com\/index.php\/wp-json\/wp\/v2\/product_brand?post=1240"},{"taxonomy":"product_cat","embeddable":true,"href":"https:\/\/seelenreisen-aegypten.com\/index.php\/wp-json\/wp\/v2\/product_cat?post=1240"},{"taxonomy":"product_tag","embeddable":true,"href":"https:\/\/seelenreisen-aegypten.com\/index.php\/wp-json\/wp\/v2\/product_tag?post=1240"}],"curies":[{"name":"wp","href":"https:\/\/api.w.org\/{rel}","templated":true}]}}