{"id":1236,"date":"2025-01-03T08:41:47","date_gmt":"2025-01-03T07:41:47","guid":{"rendered":"https:\/\/seelenreisen-aegypten.com\/?post_type=product&#038;p=1236"},"modified":"2025-11-05T09:10:18","modified_gmt":"2025-11-05T08:10:18","slug":"isis-statue-mit-fluegeln-seele-der-goettin","status":"publish","type":"product","link":"https:\/\/seelenreisen-aegypten.com\/index.php\/produkt\/isis-statue-mit-fluegeln-seele-der-goettin\/","title":{"rendered":"Isis Statue mit Fl\u00fcgeln, Seele der G\u00f6ttin!"},"content":{"rendered":"<p>Isis Statue mit besch\u00fctzenden Fl\u00fcgeln. 2,5 kg 35cm B 35cm H. Alabaster.<\/p>\n<p>Diese Statue ist in einem uralten Ritual der G\u00f6ttin Isis geweiht worden. Wie damals die gro\u00dfen Statuen in den Heiligt\u00fcmern der Tempel, bildet sie ein Portal zur Seelen-Essenz der G\u00f6ttin. Du kannst es dir vorstellen, wie ein zweites Zuhause der Seele oder ein Fenster zwischen der feinstofflichen und der grobstofflichen Welt durch welches Du in Kontakt mit der G\u00f6ttin treten kannst. Die Energien der G\u00f6ttin werden die deinen spiegeln und dir dabei verhelfen noch intensiver auf den Pfad deiner Seele zu wandern. Bist du bereit deinem Ruf zu folgen? <span style=\"color: var(--font-color); font-family: var(--primary-font);\">Lass dich von ihr auf deinem eigenen Mysterienweg unterst\u00fctzen und halt geben, wenn die (Geburts-)Wellen der Transformation Deine Schale brechen und die Wiedergeburt deiner Seelen-Essenz einleiten.<\/span><\/p>\n<p>Isis gilt als die G\u00f6ttin der Mystik und Magie. Als ihr Gemahl Osiris von Seth get\u00f6tet wurde, machte sie sich auf die verschollenen Teile seines Leichnams zu finden. Diese Mysterien-Reise entlang des Nils, war f\u00fcr Isis ihre Einweihungsreise zur Verk\u00f6rperung ihrer Seelen-Essenz auf Erden. Sie endete damit, dass sie Osiris mit der Hilfe ihrer Schwester Nephtys kurzweilig von den Toten zur\u00fcck holte, um in Form eines schwarzen Milans ihren gemeinsamen Sohn Horus zu empfangen. So wandelte sich Isis von der mystischen K\u00f6nigin und Magierin in die gro\u00dfe Mutter (Vergleich Maria und Jesus).<\/p>\n<p>2021 folgte ich den Fu\u00dfstapfen der Isis durch \u00c4gypten und begab mich auf meine eigene Mysterien-Reise entlang des Nils, auch ich durfte mich von der Mystikerin und Magierin hin zur Mutter transformieren und wandeln.<\/p>\n<p>Versand: der Versand erfolgt aus \u00c4gypten. Bitte das entsprechende Versand-Profil ausw\u00e4hlen.<\/p>\n","protected":false},"excerpt":{"rendered":"<p>Isis Statue mit besch\u00fctzenden Fl\u00fcgeln. 2,5 kg 35cm Breit, 35cm Hoch. Alabaster.<\/p>\n<p>Versand: der Versand erfolgt aus \u00c4gypten. Bitte das entsprechende Versand-Profil ausw\u00e4hlen.<\/p>\n<p>Diese Statue ist in einem uralten Ritual der G\u00f6ttin Isis geweiht worden. Wie damals die gro\u00dfen Statuen in den Heiligt\u00fcmern der Tempel, bildet sie ein Portal zur Seelen-Essenz der G\u00f6ttin.<\/p>\n","protected":false},"featured_media":1238,"comment_status":"open","ping_status":"closed","template":"","meta":{"om_disable_all_campaigns":false,"_monsterinsights_skip_tracking":false,"_monsterinsights_sitenote_active":false,"_monsterinsights_sitenote_note":"","_monsterinsights_sitenote_category":0,"_uf_show_specific_survey":0,"_uf_disable_surveys":false},"product_brand":[],"product_cat":[46],"product_tag":[40,38,41,39],"class_list":{"0":"post-1236","1":"product","2":"type-product","3":"status-publish","4":"has-post-thumbnail","6":"product_cat-isis","7":"product_tag-ancient-egypt","8":"product_tag-isis","9":"product_tag-priestess","10":"product_tag-ring","11":"product_shipping_class-aegypten","12":"latest_post","14":"first","15":"instock","16":"sale","17":"sold-individually","18":"purchasable","19":"product-type-simple"},"aioseo_notices":[],"jetpack_sharing_enabled":true,"_links":{"self":[{"href":"https:\/\/seelenreisen-aegypten.com\/index.php\/wp-json\/wp\/v2\/product\/1236","targetHints":{"allow":["GET"]}}],"collection":[{"href":"https:\/\/seelenreisen-aegypten.com\/index.php\/wp-json\/wp\/v2\/product"}],"about":[{"href":"https:\/\/seelenreisen-aegypten.com\/index.php\/wp-json\/wp\/v2\/types\/product"}],"replies":[{"embeddable":true,"href":"https:\/\/seelenreisen-aegypten.com\/index.php\/wp-json\/wp\/v2\/comments?post=1236"}],"version-history":[{"count":5,"href":"https:\/\/seelenreisen-aegypten.com\/index.php\/wp-json\/wp\/v2\/product\/1236\/revisions"}],"predecessor-version":[{"id":2517,"href":"https:\/\/seelenreisen-aegypten.com\/index.php\/wp-json\/wp\/v2\/product\/1236\/revisions\/2517"}],"wp:featuredmedia":[{"embeddable":true,"href":"https:\/\/seelenreisen-aegypten.com\/index.php\/wp-json\/wp\/v2\/media\/1238"}],"wp:attachment":[{"href":"https:\/\/seelenreisen-aegypten.com\/index.php\/wp-json\/wp\/v2\/media?parent=1236"}],"wp:term":[{"taxonomy":"product_brand","embeddable":true,"href":"https:\/\/seelenreisen-aegypten.com\/index.php\/wp-json\/wp\/v2\/product_brand?post=1236"},{"taxonomy":"product_cat","embeddable":true,"href":"https:\/\/seelenreisen-aegypten.com\/index.php\/wp-json\/wp\/v2\/product_cat?post=1236"},{"taxonomy":"product_tag","embeddable":true,"href":"https:\/\/seelenreisen-aegypten.com\/index.php\/wp-json\/wp\/v2\/product_tag?post=1236"}],"curies":[{"name":"wp","href":"https:\/\/api.w.org\/{rel}","templated":true}]}}