{"id":1205,"date":"2025-01-02T19:13:37","date_gmt":"2025-01-02T18:13:37","guid":{"rendered":"https:\/\/seelenreisen-aegypten.com\/?post_type=product&#038;p=1205"},"modified":"2025-10-31T09:21:26","modified_gmt":"2025-10-31T08:21:26","slug":"sistrum-hathor-energie","status":"publish","type":"product","link":"https:\/\/seelenreisen-aegypten.com\/index.php\/produkt\/sistrum-hathor-energie\/","title":{"rendered":"Sistrum Hathor Energie"},"content":{"rendered":"<p>Sistrum mit Kopf der Hathor, Kupfer, geweiht im Tempel der Hathor in der Kammer des Sistrums.<\/p>\n<p>Das Sistrum ist eine Klangrassel, welches die Priesterinnen nutzen um sich w\u00e4hrend der heiligen Zeremonien und Rituale mit den G\u00f6ttinnen zu verbinden. Es reinigt die Energien der Person die es spielt und des Raumes, erh\u00f6ht die eigene Schwingung und verhilft mit seinem Klang in die Sph\u00e4ren der Hathoren (und auch Isis) zu gelangen. Spiele das Sistrum, chantre Mantren, tanze &#8211; und lade die Hathoren in deinen Raum ein.<\/p>\n<p>Die Hathoren sind feinstoffliche Wesenheiten mit Bezug zum Sirius und der Venus. Auf der Erde wurden die liebevollen Hathoren unter der Gottheit Hathor verehrt. Ihr Name (Het Heru) bedeutet nicht nur &#8222;Haus des Horus&#8220;, sondern auch &#8222;Geb\u00e4hrmutter des kosmischen Bewusstsein&#8220; bedeutet. Der Tempel der Hathor und die Hathoren spielen in meinem Leben eine sehr sehr wichtige Rolle, so wie bei unseren spirituellen Reisen durch \u00c4gypten. Bei meinem ersten Besuch dieses unglaublichen Tempels in Dendera, blieb mir nichts anderes \u00fcbrig als im Heiligtum weinend auf die Knie zu gehen. Wie ein kleines Kind, welches endlich wieder nach Hause finden durfte. So kann ich mich nicht \u00fcber die Namensbedeutung wundern, f\u00fchlt sich dieser Kraftort doch an wie die Verbindung zum kosmischen Urscho\u00df der gro\u00dfen Mutterg\u00f6ttin Sophia.<\/p>\n<p>Die G\u00f6ttin Hathor verk\u00f6rpert die weiblichen Aspekte, die Empf\u00e4ngnis und Fruchtbarkeit, Musik und Tanz (die Hathoren arbeiten mit T\u00f6nen und Schwingungen!), die Freuden und die Gen\u00fcsse des Lebens und nat\u00fcrlich die Liebe.<\/p>\n<p>Die Seelen-Sch\u00e4tze der Hathor Kollektion wurden nat\u00fcrlich von mir pers\u00f6nlich im Tempel der Hathor eingeweiht. In den heiligen Hallen, Katakomben und geheimen Kammern des Tempels. Ihre Energie erinnert dich an deine eigene Urm\u00fctterliche Essenz. Sie h\u00e4lt dich sicher und geborgen in ihrem Scho\u00df, w\u00e4hrend deiner tiefen Prozesse und Transformationen, auf dem Pfad deiner Mysterienreise.<\/p>\n<p>&nbsp;<\/p>\n","protected":false},"excerpt":{"rendered":"<p>Sistrum mit Kopf der Hathor, Kupfer, geweiht im Tempel der Hathor in der Kammer des Sistrums.<\/p>\n<p>Das Sistrum ist eine Klangrassel, welches die Priesterinnen nutzen um sich w\u00e4hrend der heiligen Zeremonien und Rituale mit den G\u00f6ttinnen zu verbinden. Es reinigt die Energien der Person die es spielt und des Raumes, erh\u00f6ht die eigene Schwingung und verhilft mit seinem Klang in die Sph\u00e4ren der Hathoren (und auch Isis) zu gelangen. Spiele das Sistrum, chantre Mantren, tanze &#8211; und lade die Hathoren in deinen Raum ein.<\/p>\n<p>&nbsp;<\/p>\n","protected":false},"featured_media":1224,"comment_status":"open","ping_status":"closed","template":"","meta":{"om_disable_all_campaigns":false,"_monsterinsights_skip_tracking":false,"_monsterinsights_sitenote_active":false,"_monsterinsights_sitenote_note":"","_monsterinsights_sitenote_category":0,"_uf_show_specific_survey":0,"_uf_disable_surveys":false},"product_brand":[],"product_cat":[49,50],"product_tag":[40,44,38,41],"class_list":{"0":"post-1205","1":"product","2":"type-product","3":"status-publish","4":"has-post-thumbnail","6":"product_cat-hathor","7":"product_cat-sistrum","8":"product_tag-ancient-egypt","9":"product_tag-ankh","10":"product_tag-isis","11":"product_tag-priestess","12":"product_shipping_class-aegypten","13":"latest_post","15":"first","16":"instock","17":"purchasable","18":"product-type-simple"},"aioseo_notices":[],"jetpack_sharing_enabled":true,"_links":{"self":[{"href":"https:\/\/seelenreisen-aegypten.com\/index.php\/wp-json\/wp\/v2\/product\/1205","targetHints":{"allow":["GET"]}}],"collection":[{"href":"https:\/\/seelenreisen-aegypten.com\/index.php\/wp-json\/wp\/v2\/product"}],"about":[{"href":"https:\/\/seelenreisen-aegypten.com\/index.php\/wp-json\/wp\/v2\/types\/product"}],"replies":[{"embeddable":true,"href":"https:\/\/seelenreisen-aegypten.com\/index.php\/wp-json\/wp\/v2\/comments?post=1205"}],"version-history":[{"count":1,"href":"https:\/\/seelenreisen-aegypten.com\/index.php\/wp-json\/wp\/v2\/product\/1205\/revisions"}],"predecessor-version":[{"id":2560,"href":"https:\/\/seelenreisen-aegypten.com\/index.php\/wp-json\/wp\/v2\/product\/1205\/revisions\/2560"}],"wp:featuredmedia":[{"embeddable":true,"href":"https:\/\/seelenreisen-aegypten.com\/index.php\/wp-json\/wp\/v2\/media\/1224"}],"wp:attachment":[{"href":"https:\/\/seelenreisen-aegypten.com\/index.php\/wp-json\/wp\/v2\/media?parent=1205"}],"wp:term":[{"taxonomy":"product_brand","embeddable":true,"href":"https:\/\/seelenreisen-aegypten.com\/index.php\/wp-json\/wp\/v2\/product_brand?post=1205"},{"taxonomy":"product_cat","embeddable":true,"href":"https:\/\/seelenreisen-aegypten.com\/index.php\/wp-json\/wp\/v2\/product_cat?post=1205"},{"taxonomy":"product_tag","embeddable":true,"href":"https:\/\/seelenreisen-aegypten.com\/index.php\/wp-json\/wp\/v2\/product_tag?post=1205"}],"curies":[{"name":"wp","href":"https:\/\/api.w.org\/{rel}","templated":true}]}}