{"id":1189,"date":"2025-01-02T08:37:46","date_gmt":"2025-01-02T07:37:46","guid":{"rendered":"https:\/\/seelenreisen-aegypten.com\/?post_type=product&#038;p=1189"},"modified":"2026-02-14T06:41:33","modified_gmt":"2026-02-14T05:41:33","slug":"ring-ankh","status":"publish","type":"product","link":"https:\/\/seelenreisen-aegypten.com\/index.php\/produkt\/ring-ankh\/","title":{"rendered":"Ring Ankh Hathor Energie"},"content":{"rendered":"<p>Ring mit glattem Ankh Symbol, Kupfer, leicht Gr\u00f6\u00dfen verstellbar.<\/p>\n<p>Der Ankh steht f\u00fcr das ewige Leben, das was von uns \u00fcbrig bleibt, wenn wir unseren irdischen K\u00f6rper hinter uns lassen. Unsere unsterbliche Seelen-Essenz. In Ritualen verwendeten die Priester und Pharaonen den Ankh um sich mit dieser Seelen-Essenz zu verbinden, um ihr wahrhaftiges Selbst auf Erden zu verk\u00f6rpern und den \u201eG\u00f6ttern\u201c im Aufstiegsprozess zu folgen. Du kannst den Ankh in Meditationen und Ritualen nutzen um mit Hilfe von Hathor dich an deine eigene g\u00f6ttliche Essenz zu erinnern, dein wahres Sein hier auf Erden zu leben.<\/p>\n<p>Bitte gib bei deiner Bestellung ab, mit welcher G\u00f6ttinnen Energie ich deinen Seelen-Schatze aufladen darf (Isis, Sekhmet oder Hathor).<\/p>\n","protected":false},"excerpt":{"rendered":"<p>Ring mit glattem Ankh Symbol, Material Kupfer. Gr\u00f6\u00dfenverstellbar.<\/p>\n<p>Bitte gib bei deiner Bestellung ab, mit welcher G\u00f6ttinnen Energie ich deinen Seelen-Schatze aufladen darf (Isis, Sekhmet oder Hathor).<\/p>\n","protected":false},"featured_media":1120,"comment_status":"closed","ping_status":"closed","template":"","meta":{"om_disable_all_campaigns":false,"_monsterinsights_skip_tracking":false,"_monsterinsights_sitenote_active":false,"_monsterinsights_sitenote_note":"","_monsterinsights_sitenote_category":0,"_uf_show_specific_survey":0,"_uf_disable_surveys":false},"product_brand":[],"product_cat":[36],"product_tag":[40,44,38,41],"class_list":{"0":"post-1189","1":"product","2":"type-product","3":"status-publish","4":"has-post-thumbnail","6":"product_cat-ankh","7":"product_tag-ancient-egypt","8":"product_tag-ankh","9":"product_tag-isis","10":"product_tag-priestess","11":"latest_post","13":"first","14":"outofstock","15":"sale","16":"purchasable","17":"product-type-simple"},"aioseo_notices":[],"jetpack_sharing_enabled":true,"_links":{"self":[{"href":"https:\/\/seelenreisen-aegypten.com\/index.php\/wp-json\/wp\/v2\/product\/1189","targetHints":{"allow":["GET"]}}],"collection":[{"href":"https:\/\/seelenreisen-aegypten.com\/index.php\/wp-json\/wp\/v2\/product"}],"about":[{"href":"https:\/\/seelenreisen-aegypten.com\/index.php\/wp-json\/wp\/v2\/types\/product"}],"replies":[{"embeddable":true,"href":"https:\/\/seelenreisen-aegypten.com\/index.php\/wp-json\/wp\/v2\/comments?post=1189"}],"version-history":[{"count":2,"href":"https:\/\/seelenreisen-aegypten.com\/index.php\/wp-json\/wp\/v2\/product\/1189\/revisions"}],"predecessor-version":[{"id":2568,"href":"https:\/\/seelenreisen-aegypten.com\/index.php\/wp-json\/wp\/v2\/product\/1189\/revisions\/2568"}],"wp:featuredmedia":[{"embeddable":true,"href":"https:\/\/seelenreisen-aegypten.com\/index.php\/wp-json\/wp\/v2\/media\/1120"}],"wp:attachment":[{"href":"https:\/\/seelenreisen-aegypten.com\/index.php\/wp-json\/wp\/v2\/media?parent=1189"}],"wp:term":[{"taxonomy":"product_brand","embeddable":true,"href":"https:\/\/seelenreisen-aegypten.com\/index.php\/wp-json\/wp\/v2\/product_brand?post=1189"},{"taxonomy":"product_cat","embeddable":true,"href":"https:\/\/seelenreisen-aegypten.com\/index.php\/wp-json\/wp\/v2\/product_cat?post=1189"},{"taxonomy":"product_tag","embeddable":true,"href":"https:\/\/seelenreisen-aegypten.com\/index.php\/wp-json\/wp\/v2\/product_tag?post=1189"}],"curies":[{"name":"wp","href":"https:\/\/api.w.org\/{rel}","templated":true}]}}