{"id":527,"date":"2024-01-02T12:06:04","date_gmt":"2024-01-02T11:06:04","guid":{"rendered":"https:\/\/seelenreisen-aegypten.com\/?page_id=527"},"modified":"2025-04-23T13:48:04","modified_gmt":"2025-04-23T11:48:04","slug":"about-me","status":"publish","type":"page","link":"https:\/\/seelenreisen-aegypten.com\/index.php\/about-me\/","title":{"rendered":"About me"},"content":{"rendered":"\t\t<div data-elementor-type=\"wp-page\" data-elementor-id=\"527\" class=\"elementor elementor-527\" data-elementor-post-type=\"page\">\n\t\t\t\t<div class=\"elementor-element elementor-element-78adb02 e-flex e-con-boxed e-con e-parent\" data-id=\"78adb02\" data-element_type=\"container\" data-e-type=\"container\">\n\t\t\t\t\t<div class=\"e-con-inner\">\n\t\t\t\t<div class=\"elementor-element elementor-element-76dce5d elementor-widget elementor-widget-heading\" data-id=\"76dce5d\" data-element_type=\"widget\" data-e-type=\"widget\" data-widget_type=\"heading.default\">\n\t\t\t\t<div class=\"elementor-widget-container\">\n\t\t\t\t\t<h2 class=\"elementor-heading-title elementor-size-default\">Meine Verbindung zum alten \u00c4gypten<\/h2>\t\t\t\t<\/div>\n\t\t\t\t<\/div>\n\t\t\t\t<div class=\"elementor-element elementor-element-bd0094e elementor-widget elementor-widget-text-editor\" data-id=\"bd0094e\" data-element_type=\"widget\" data-e-type=\"widget\" data-widget_type=\"text-editor.default\">\n\t\t\t\t<div class=\"elementor-widget-container\">\n\t\t\t\t\t\t\t\t\t<p>Mit 8 Jahren fand ein Roman zu mir, welcher mir damals (unbewusst) die T\u00fcr zu den G\u00f6ttinnen und dem alten \u00c4gypten wieder \u00f6ffnete. In der Geschichte ging es um eine Zeitreisende, welche durch Zufall im Karnak Tempel in die Zeit von Pharao Hatschepsut landete, wo sie als Hohepriesterin der Hathor diente.<\/p><p>Diese Geschichtel \u00f6ste damals schon ganz viel aus. Es brannte ein Feuer in mir, welches daf\u00fcr sorgte, dass ich schon im fr\u00fchen Alter alles was mit dem Thema \u00c4gypten zu tun hatte auf sog.\u00a0<\/p>\t\t\t\t\t\t\t\t<\/div>\n\t\t\t\t<\/div>\n\t\t\t\t\t<\/div>\n\t\t\t\t<\/div>\n\t\t<div class=\"elementor-element elementor-element-bda13cc e-flex e-con-boxed e-con e-parent\" data-id=\"bda13cc\" data-element_type=\"container\" data-e-type=\"container\">\n\t\t\t\t\t<div class=\"e-con-inner\">\n\t\t\t\t<div class=\"elementor-element elementor-element-3c6dc36 elementor-widget elementor-widget-heading\" data-id=\"3c6dc36\" data-element_type=\"widget\" data-e-type=\"widget\" data-widget_type=\"heading.default\">\n\t\t\t\t<div class=\"elementor-widget-container\">\n\t\t\t\t\t<h2 class=\"elementor-heading-title elementor-size-default\">Meine erste Reise<\/h2>\t\t\t\t<\/div>\n\t\t\t\t<\/div>\n\t\t\t\t<div class=\"elementor-element elementor-element-1a51a61 elementor-widget elementor-widget-text-editor\" data-id=\"1a51a61\" data-element_type=\"widget\" data-e-type=\"widget\" data-widget_type=\"text-editor.default\">\n\t\t\t\t<div class=\"elementor-widget-container\">\n\t\t\t\t\t\t\t\t\t<p>Ein paar Jahre sp\u00e4ter ging es dann als Teenager das erste Mal nach \u00c4gypten. Klassischer Familien Urlaub in Hurghada am Meer. Ein Tagesausflug f\u00fchrte mich an den Ort meiner Sehns\u00fcchte. Luxor, das damalige Theben, Hauptregierungssitz vieler Pharaonen. Wir besuchten den Karnak Tempel, Luxor Tempel und das Tal der K\u00f6nige. Vor dem ber\u00fchmten Totentempel der Hatschepsut gab es leider nur ein Foto, der Einlass war damals nicht m\u00f6glich. \u00c4gypten machte damals viel mit mir. Auf der einen Seite war ich genervt vom Gruppen-Touri Programm und w\u00e4re damals schon am liebsten im Alleingang durch die Tempel geschlendert. Am besten ohne die tausenden von anderen Touristen. Das heutige \u00c4gypten schockierte mich, es tat weh zu sehen was aus diesem glorreichen Land geworden war. \u00dcberall M\u00fcll, Armut und f\u00fcrchterliche Menschen die einen nur abzocken wollten. Trotzdem war ich so gl\u00fccklich dort sein zu d\u00fcrfen. Als die Reise endete und es in den Flieger zur\u00fcck nach Deutschland ging, schrie mein K\u00f6rper innerlich &#8222;Bleib hier!! Renn in die W\u00fcste und bleibe hier!&#8220;<\/p>\t\t\t\t\t\t\t\t<\/div>\n\t\t\t\t<\/div>\n\t\t\t\t\t<\/div>\n\t\t\t\t<\/div>\n\t\t<div class=\"elementor-element elementor-element-a6bb1f3 e-flex e-con-boxed e-con e-parent\" data-id=\"a6bb1f3\" data-element_type=\"container\" data-e-type=\"container\">\n\t\t\t\t\t<div class=\"e-con-inner\">\n\t\t\t\t<div class=\"elementor-element elementor-element-73406ec elementor-widget elementor-widget-text-editor\" data-id=\"73406ec\" data-element_type=\"widget\" data-e-type=\"widget\" data-widget_type=\"text-editor.default\">\n\t\t\t\t<div class=\"elementor-widget-container\">\n\t\t\t\t\t\t\t\t\t<p>Du m\u00f6chtest mehr zu meiner pers\u00f6nlichen Geschichte erfahren? Zu Gast bei &#8222;shine &amp; heilig&#8220; erz\u00e4hle ich im Podcast von meiner Reise nach \u00c4gypten:<\/p>\t\t\t\t\t\t\t\t<\/div>\n\t\t\t\t<\/div>\n\t\t\t\t<div class=\"elementor-element elementor-element-5af17ce elementor-widget elementor-widget-audio\" data-id=\"5af17ce\" data-element_type=\"widget\" data-e-type=\"widget\" data-widget_type=\"audio.default\">\n\t\t\t\t<div class=\"elementor-widget-container\">\n\t\t\t\t\t\t\t\t<div class=\"elementor-soundcloud-wrapper\">\n\t\t\t\t<iframe width=\"100%\" height=\"152\" frameborder=\"0\" allowfullscreen allow=\"autoplay; clipboard-write; encrypted-media; fullscreen; picture-in-picture\" loading=\"lazy\" src=\"https:\/\/open.spotify.com\/embed\/episode\/7bdpaEGe4HytaSOzMZFwHo?si=2KI79rSNSbWWhmcNeRyKlg&#038;utm_source=oembed&#038;auto_play=false&#038;buying=false&#038;liking=true&#038;download=true&#038;sharing=true&#038;show_comments=true&#038;show_playcount=true&#038;show_user=true&#038;show_artwork=false&#038;color\"><\/iframe>\t\t\t<\/div>\n\t\t\t\t\t\t\t<\/div>\n\t\t\t\t<\/div>\n\t\t\t\t<div class=\"elementor-element elementor-element-6b50250 elementor-widget elementor-widget-spacer\" data-id=\"6b50250\" data-element_type=\"widget\" data-e-type=\"widget\" data-widget_type=\"spacer.default\">\n\t\t\t\t<div class=\"elementor-widget-container\">\n\t\t\t\t\t\t\t<div class=\"elementor-spacer\">\n\t\t\t<div class=\"elementor-spacer-inner\"><\/div>\n\t\t<\/div>\n\t\t\t\t\t\t<\/div>\n\t\t\t\t<\/div>\n\t\t\t\t\t<\/div>\n\t\t\t\t<\/div>\n\t\t\t\t<\/div>\n\t\t","protected":false},"excerpt":{"rendered":"<p>Meine Verbindung zum alten \u00c4gypten Mit 8 Jahren fand ein Roman zu mir, welcher mir damals (unbewusst) die T\u00fcr zu den G\u00f6ttinnen und dem alten &hellip; <\/p>\n","protected":false},"author":1,"featured_media":0,"parent":0,"menu_order":0,"comment_status":"closed","ping_status":"closed","template":"","meta":{"om_disable_all_campaigns":false,"_monsterinsights_skip_tracking":false,"_monsterinsights_sitenote_active":false,"_monsterinsights_sitenote_note":"","_monsterinsights_sitenote_category":0,"_uf_show_specific_survey":0,"_uf_disable_surveys":false,"footnotes":""},"class_list":["post-527","page","type-page","status-publish","hentry","latest_post"],"aioseo_notices":[],"jetpack_sharing_enabled":true,"_links":{"self":[{"href":"https:\/\/seelenreisen-aegypten.com\/index.php\/wp-json\/wp\/v2\/pages\/527","targetHints":{"allow":["GET"]}}],"collection":[{"href":"https:\/\/seelenreisen-aegypten.com\/index.php\/wp-json\/wp\/v2\/pages"}],"about":[{"href":"https:\/\/seelenreisen-aegypten.com\/index.php\/wp-json\/wp\/v2\/types\/page"}],"author":[{"embeddable":true,"href":"https:\/\/seelenreisen-aegypten.com\/index.php\/wp-json\/wp\/v2\/users\/1"}],"replies":[{"embeddable":true,"href":"https:\/\/seelenreisen-aegypten.com\/index.php\/wp-json\/wp\/v2\/comments?post=527"}],"version-history":[{"count":19,"href":"https:\/\/seelenreisen-aegypten.com\/index.php\/wp-json\/wp\/v2\/pages\/527\/revisions"}],"predecessor-version":[{"id":1719,"href":"https:\/\/seelenreisen-aegypten.com\/index.php\/wp-json\/wp\/v2\/pages\/527\/revisions\/1719"}],"wp:attachment":[{"href":"https:\/\/seelenreisen-aegypten.com\/index.php\/wp-json\/wp\/v2\/media?parent=527"}],"curies":[{"name":"wp","href":"https:\/\/api.w.org\/{rel}","templated":true}]}}