{"id":2833,"date":"2026-03-13T17:40:06","date_gmt":"2026-03-13T16:40:06","guid":{"rendered":"https:\/\/seelenreisen-aegypten.com\/?page_id=2833"},"modified":"2026-04-09T16:11:57","modified_gmt":"2026-04-09T14:11:57","slug":"seelenreise-orakel","status":"publish","type":"page","link":"https:\/\/seelenreisen-aegypten.com\/index.php\/seelenreise-orakel\/","title":{"rendered":"Seelenreise Orakel"},"content":{"rendered":"\t\t<div data-elementor-type=\"wp-page\" data-elementor-id=\"2833\" class=\"elementor elementor-2833\" data-elementor-post-type=\"page\">\n\t\t\t\t<div class=\"elementor-element elementor-element-7600550 e-flex e-con-boxed e-con e-parent\" data-id=\"7600550\" data-element_type=\"container\" data-e-type=\"container\">\n\t\t\t\t\t<div class=\"e-con-inner\">\n\t\t\t\t<div class=\"elementor-element elementor-element-5a5cf52 elementor-widget elementor-widget-image\" data-id=\"5a5cf52\" data-element_type=\"widget\" data-e-type=\"widget\" data-widget_type=\"image.default\">\n\t\t\t\t<div class=\"elementor-widget-container\">\n\t\t\t\t\t\t\t\t\t\t\t\t\t\t\t<img fetchpriority=\"high\" decoding=\"async\" width=\"840\" height=\"473\" src=\"https:\/\/seelenreisen-aegypten.com\/wp-content\/uploads\/2026\/04\/Das-07.07-Portal-und-die-Energien-des-Nils-Website-1024x576.png\" class=\"attachment-large size-large wp-image-2961\" alt=\"\" srcset=\"https:\/\/seelenreisen-aegypten.com\/wp-content\/uploads\/2026\/04\/Das-07.07-Portal-und-die-Energien-des-Nils-Website-1024x576.png 1024w, https:\/\/seelenreisen-aegypten.com\/wp-content\/uploads\/2026\/04\/Das-07.07-Portal-und-die-Energien-des-Nils-Website-300x169.png 300w, https:\/\/seelenreisen-aegypten.com\/wp-content\/uploads\/2026\/04\/Das-07.07-Portal-und-die-Energien-des-Nils-Website-768x432.png 768w, https:\/\/seelenreisen-aegypten.com\/wp-content\/uploads\/2026\/04\/Das-07.07-Portal-und-die-Energien-des-Nils-Website-107x60.png 107w, https:\/\/seelenreisen-aegypten.com\/wp-content\/uploads\/2026\/04\/Das-07.07-Portal-und-die-Energien-des-Nils-Website-840x473.png 840w, https:\/\/seelenreisen-aegypten.com\/wp-content\/uploads\/2026\/04\/Das-07.07-Portal-und-die-Energien-des-Nils-Website-1320x742.png 1320w, https:\/\/seelenreisen-aegypten.com\/wp-content\/uploads\/2026\/04\/Das-07.07-Portal-und-die-Energien-des-Nils-Website-600x337.png 600w, https:\/\/seelenreisen-aegypten.com\/wp-content\/uploads\/2026\/04\/Das-07.07-Portal-und-die-Energien-des-Nils-Website.png 1366w\" sizes=\"(max-width: 840px) 100vw, 840px\" \/>\t\t\t\t\t\t\t\t\t\t\t\t\t\t\t<\/div>\n\t\t\t\t<\/div>\n\t\t\t\t<div class=\"elementor-element elementor-element-03ec99c elementor-widget elementor-widget-text-editor\" data-id=\"03ec99c\" data-element_type=\"widget\" data-e-type=\"widget\" data-widget_type=\"text-editor.default\">\n\t\t\t\t<div class=\"elementor-widget-container\">\n\t\t\t\t\t\t\t\t\t<p>Hier findest du die Energie Aktivierungen zu den jeweiligen Karten. Du hast eine der Karten gelegt, welche eine Energie-\u00dcbertragung f\u00fcr dich bereit halten? Dann kannst du diese hier ansehen und durchf\u00fchren. Nimm dir dazu Bitte einige Minuten Ruhe und ungest\u00f6rten Raum f\u00fcr dich selbst. Begebe dich gerne in Meditations-Position oder lege dich hin. Die Energie \u00dcbertragungen dauern ca. 5 Minuten, im Anschluss kannst du diese noch ein wenig nachwirken lassen, bevor du dich wieder ins Alltags-geschehen begibst. Ich freue mich von dir \u00fcber E-Mail oder Instagram zu erfahren, wie es dir mit diesen Energie Portalen ergangen ist.\u00a0<\/p>\t\t\t\t\t\t\t\t<\/div>\n\t\t\t\t<\/div>\n\t\t\t\t\t<\/div>\n\t\t\t\t<\/div>\n\t\t<div class=\"elementor-element elementor-element-464c07f e-flex e-con-boxed e-con e-parent\" data-id=\"464c07f\" data-element_type=\"container\" data-e-type=\"container\">\n\t\t\t\t\t<div class=\"e-con-inner\">\n\t\t<div class=\"elementor-element elementor-element-e915535 e-con-full e-flex e-con e-child\" data-id=\"e915535\" data-element_type=\"container\" data-e-type=\"container\">\n\t\t\t\t<div class=\"elementor-element elementor-element-87d1623 elementor-widget elementor-widget-heading\" data-id=\"87d1623\" data-element_type=\"widget\" data-e-type=\"widget\" data-widget_type=\"heading.default\">\n\t\t\t\t<div class=\"elementor-widget-container\">\n\t\t\t\t\t<h2 class=\"elementor-heading-title elementor-size-default\">04. G\u00f6ttin Sekhmet<\/h2>\t\t\t\t<\/div>\n\t\t\t\t<\/div>\n\t\t\t\t<div class=\"elementor-element elementor-element-d9508fd elementor-widget elementor-widget-video\" data-id=\"d9508fd\" data-element_type=\"widget\" data-e-type=\"widget\" data-settings=\"{&quot;video_type&quot;:&quot;hosted&quot;,&quot;show_image_overlay&quot;:&quot;yes&quot;,&quot;image_overlay&quot;:{&quot;url&quot;:&quot;http:\\\/\\\/seelenreisen-aegypten.com\\\/wp-content\\\/uploads\\\/2026\\\/03\\\/4_20251103_165604_0003.png&quot;,&quot;id&quot;:2838,&quot;size&quot;:&quot;&quot;,&quot;alt&quot;:&quot;&quot;,&quot;source&quot;:&quot;library&quot;},&quot;controls&quot;:&quot;yes&quot;}\" data-widget_type=\"video.default\">\n\t\t\t\t<div class=\"elementor-widget-container\">\n\t\t\t\t\t\t\t<div class=\"e-hosted-video elementor-wrapper elementor-open-inline\">\n\t\t\t\t\t<video class=\"elementor-video\" src=\"http:\/\/seelenreisen-aegypten.com\/wp-content\/uploads\/2026\/03\/Kopie-von-Design-ohne-Titel_20260316_140154_0000.mp4\" controls=\"\" preload=\"metadata\" controlsList=\"nodownload\" poster=\"http:\/\/seelenreisen-aegypten.com\/wp-content\/uploads\/2026\/03\/4_20251103_165604_0003.png\"><\/video>\n\t\t\t\t\t\t<div class=\"elementor-custom-embed-image-overlay\" style=\"background-image: url(https:\/\/seelenreisen-aegypten.com\/wp-content\/uploads\/2026\/03\/4_20251103_165604_0003.png);\">\n\t\t\t\t\t\t\t\t\t\t\t\t\t\t\t\t<div class=\"elementor-custom-embed-play\" role=\"button\" aria-label=\"Video abspielen\" tabindex=\"0\">\n\t\t\t\t\t\t\t<svg aria-hidden=\"true\" class=\"e-font-icon-svg e-eicon-play\" viewBox=\"0 0 1000 1000\" xmlns=\"http:\/\/www.w3.org\/2000\/svg\"><path d=\"M838 162C746 71 633 25 500 25 371 25 258 71 163 162 71 254 25 367 25 500 25 633 71 746 163 837 254 929 367 979 500 979 633 979 746 933 838 837 929 746 975 633 975 500 975 367 929 254 838 162M808 192C892 279 933 379 933 500 933 621 892 725 808 808 725 892 621 938 500 938 379 938 279 896 196 808 113 725 67 621 67 500 67 379 108 279 196 192 279 108 383 62 500 62 621 62 721 108 808 192M438 392V642L642 517 438 392Z\"><\/path><\/svg>\t\t\t\t\t\t<\/div>\n\t\t\t\t\t\t\t\t\t<\/div>\n\t\t\t\t\t<\/div>\n\t\t\t\t\t\t<\/div>\n\t\t\t\t<\/div>\n\t\t\t\t<\/div>\n\t\t<div class=\"elementor-element elementor-element-dc6da0e e-con-full e-flex e-con e-child\" data-id=\"dc6da0e\" data-element_type=\"container\" data-e-type=\"container\">\n\t\t\t\t<div class=\"elementor-element elementor-element-4b74a81 elementor-widget elementor-widget-heading\" data-id=\"4b74a81\" data-element_type=\"widget\" data-e-type=\"widget\" data-widget_type=\"heading.default\">\n\t\t\t\t<div class=\"elementor-widget-container\">\n\t\t\t\t\t<h2 class=\"elementor-heading-title elementor-size-default\">33. Isis und Hathor Portal<\/h2>\t\t\t\t<\/div>\n\t\t\t\t<\/div>\n\t\t\t\t<div class=\"elementor-element elementor-element-cf98120 elementor-widget elementor-widget-video\" data-id=\"cf98120\" data-element_type=\"widget\" data-e-type=\"widget\" data-settings=\"{&quot;video_type&quot;:&quot;hosted&quot;,&quot;show_image_overlay&quot;:&quot;yes&quot;,&quot;image_overlay&quot;:{&quot;url&quot;:&quot;http:\\\/\\\/seelenreisen-aegypten.com\\\/wp-content\\\/uploads\\\/2026\\\/03\\\/33_20251103_163750_0032.png&quot;,&quot;id&quot;:2840,&quot;size&quot;:&quot;&quot;,&quot;alt&quot;:&quot;&quot;,&quot;source&quot;:&quot;library&quot;},&quot;controls&quot;:&quot;yes&quot;}\" data-widget_type=\"video.default\">\n\t\t\t\t<div class=\"elementor-widget-container\">\n\t\t\t\t\t\t\t<div class=\"e-hosted-video elementor-wrapper elementor-open-inline\">\n\t\t\t\t\t<video class=\"elementor-video\" src=\"http:\/\/seelenreisen-aegypten.com\/wp-content\/uploads\/2026\/03\/IsisHathorPortal-1.mp4\" controls=\"\" preload=\"metadata\" controlsList=\"nodownload\" poster=\"http:\/\/seelenreisen-aegypten.com\/wp-content\/uploads\/2026\/03\/33_20251103_163750_0032.png\"><\/video>\n\t\t\t\t\t\t<div class=\"elementor-custom-embed-image-overlay\" style=\"background-image: url(https:\/\/seelenreisen-aegypten.com\/wp-content\/uploads\/2026\/03\/33_20251103_163750_0032.png);\">\n\t\t\t\t\t\t\t\t\t\t\t\t\t\t\t\t<div class=\"elementor-custom-embed-play\" role=\"button\" aria-label=\"Video abspielen\" tabindex=\"0\">\n\t\t\t\t\t\t\t<svg aria-hidden=\"true\" class=\"e-font-icon-svg e-eicon-play\" viewBox=\"0 0 1000 1000\" xmlns=\"http:\/\/www.w3.org\/2000\/svg\"><path d=\"M838 162C746 71 633 25 500 25 371 25 258 71 163 162 71 254 25 367 25 500 25 633 71 746 163 837 254 929 367 979 500 979 633 979 746 933 838 837 929 746 975 633 975 500 975 367 929 254 838 162M808 192C892 279 933 379 933 500 933 621 892 725 808 808 725 892 621 938 500 938 379 938 279 896 196 808 113 725 67 621 67 500 67 379 108 279 196 192 279 108 383 62 500 62 621 62 721 108 808 192M438 392V642L642 517 438 392Z\"><\/path><\/svg>\t\t\t\t\t\t<\/div>\n\t\t\t\t\t\t\t\t\t<\/div>\n\t\t\t\t\t<\/div>\n\t\t\t\t\t\t<\/div>\n\t\t\t\t<\/div>\n\t\t\t\t<\/div>\n\t\t\t\t\t<\/div>\n\t\t\t\t<\/div>\n\t\t<div class=\"elementor-element elementor-element-a80d16b e-flex e-con-boxed e-con e-parent\" data-id=\"a80d16b\" data-element_type=\"container\" data-e-type=\"container\">\n\t\t\t\t\t<div class=\"e-con-inner\">\n\t\t<div class=\"elementor-element elementor-element-eebab52 e-con-full e-flex e-con e-child\" data-id=\"eebab52\" data-element_type=\"container\" data-e-type=\"container\">\n\t\t\t\t<div class=\"elementor-element elementor-element-1f97232 elementor-widget elementor-widget-heading\" data-id=\"1f97232\" data-element_type=\"widget\" data-e-type=\"widget\" data-widget_type=\"heading.default\">\n\t\t\t\t<div class=\"elementor-widget-container\">\n\t\t\t\t\t<h2 class=\"elementor-heading-title elementor-size-default\">37. Nephtys<\/h2>\t\t\t\t<\/div>\n\t\t\t\t<\/div>\n\t\t\t\t<div class=\"elementor-element elementor-element-1b8c024 elementor-widget elementor-widget-video\" data-id=\"1b8c024\" data-element_type=\"widget\" data-e-type=\"widget\" data-settings=\"{&quot;video_type&quot;:&quot;hosted&quot;,&quot;controls&quot;:&quot;yes&quot;}\" data-widget_type=\"video.default\">\n\t\t\t\t<div class=\"elementor-widget-container\">\n\t\t\t\t\t\t\t<div class=\"e-hosted-video elementor-wrapper elementor-open-inline\">\n\t\t\t\t\t<video class=\"elementor-video\" src=\"http:\/\/seelenreisen-aegypten.com\/wp-content\/uploads\/2026\/03\/Nephtys-_20260318_171752_0000.mp4\" controls=\"\" preload=\"metadata\" controlsList=\"nodownload\" poster=\"http:\/\/seelenreisen-aegypten.com\/wp-content\/uploads\/2026\/03\/37_20251103_163751_0036.png\"><\/video>\n\t\t\t\t<\/div>\n\t\t\t\t\t\t<\/div>\n\t\t\t\t<\/div>\n\t\t\t\t<\/div>\n\t\t<div class=\"elementor-element elementor-element-d6ba710 e-con-full e-flex e-con e-child\" data-id=\"d6ba710\" data-element_type=\"container\" data-e-type=\"container\">\n\t\t\t\t<div class=\"elementor-element elementor-element-04d6f70 elementor-widget elementor-widget-heading\" data-id=\"04d6f70\" data-element_type=\"widget\" data-e-type=\"widget\" data-widget_type=\"heading.default\">\n\t\t\t\t<div class=\"elementor-widget-container\">\n\t\t\t\t\t<h2 class=\"elementor-heading-title elementor-size-default\">41. Sopdet<\/h2>\t\t\t\t<\/div>\n\t\t\t\t<\/div>\n\t\t\t\t<div class=\"elementor-element elementor-element-2dcd95d elementor-widget elementor-widget-video\" data-id=\"2dcd95d\" data-element_type=\"widget\" data-e-type=\"widget\" data-settings=\"{&quot;video_type&quot;:&quot;hosted&quot;,&quot;show_image_overlay&quot;:&quot;yes&quot;,&quot;image_overlay&quot;:{&quot;url&quot;:&quot;http:\\\/\\\/seelenreisen-aegypten.com\\\/wp-content\\\/uploads\\\/2026\\\/03\\\/42_20251103_163751_0041.png&quot;,&quot;id&quot;:2839,&quot;size&quot;:&quot;&quot;,&quot;alt&quot;:&quot;&quot;,&quot;source&quot;:&quot;library&quot;},&quot;controls&quot;:&quot;yes&quot;}\" data-widget_type=\"video.default\">\n\t\t\t\t<div class=\"elementor-widget-container\">\n\t\t\t\t\t\t\t<div class=\"e-hosted-video elementor-wrapper elementor-open-inline\">\n\t\t\t\t\t<video class=\"elementor-video\" src=\"http:\/\/seelenreisen-aegypten.com\/wp-content\/uploads\/2026\/03\/20260317_111806.mp4\" controls=\"\" preload=\"metadata\" controlsList=\"nodownload\" poster=\"http:\/\/seelenreisen-aegypten.com\/wp-content\/uploads\/2026\/03\/44_20251103_163751_0043.png\"><\/video>\n\t\t\t\t\t\t<div class=\"elementor-custom-embed-image-overlay\" style=\"background-image: url(https:\/\/seelenreisen-aegypten.com\/wp-content\/uploads\/2026\/03\/42_20251103_163751_0041.png);\">\n\t\t\t\t\t\t\t\t\t\t\t\t\t\t\t\t<div class=\"elementor-custom-embed-play\" role=\"button\" aria-label=\"Video abspielen\" tabindex=\"0\">\n\t\t\t\t\t\t\t<svg aria-hidden=\"true\" class=\"e-font-icon-svg e-eicon-play\" viewBox=\"0 0 1000 1000\" xmlns=\"http:\/\/www.w3.org\/2000\/svg\"><path d=\"M838 162C746 71 633 25 500 25 371 25 258 71 163 162 71 254 25 367 25 500 25 633 71 746 163 837 254 929 367 979 500 979 633 979 746 933 838 837 929 746 975 633 975 500 975 367 929 254 838 162M808 192C892 279 933 379 933 500 933 621 892 725 808 808 725 892 621 938 500 938 379 938 279 896 196 808 113 725 67 621 67 500 67 379 108 279 196 192 279 108 383 62 500 62 621 62 721 108 808 192M438 392V642L642 517 438 392Z\"><\/path><\/svg>\t\t\t\t\t\t<\/div>\n\t\t\t\t\t\t\t\t\t<\/div>\n\t\t\t\t\t<\/div>\n\t\t\t\t\t\t<\/div>\n\t\t\t\t<\/div>\n\t\t\t\t<\/div>\n\t\t\t\t\t<\/div>\n\t\t\t\t<\/div>\n\t\t<div class=\"elementor-element elementor-element-64d2d34 e-flex e-con-boxed e-con e-parent\" data-id=\"64d2d34\" data-element_type=\"container\" data-e-type=\"container\">\n\t\t\t\t\t<div class=\"e-con-inner\">\n\t\t<div class=\"elementor-element elementor-element-bcad4c6 e-con-full e-flex e-con e-child\" data-id=\"bcad4c6\" data-element_type=\"container\" data-e-type=\"container\">\n\t\t\t\t<div class=\"elementor-element elementor-element-4ac5ab2 elementor-widget elementor-widget-heading\" data-id=\"4ac5ab2\" data-element_type=\"widget\" data-e-type=\"widget\" data-widget_type=\"heading.default\">\n\t\t\t\t<div class=\"elementor-widget-container\">\n\t\t\t\t\t<h2 class=\"elementor-heading-title elementor-size-default\">44. Verbundenheit<\/h2>\t\t\t\t<\/div>\n\t\t\t\t<\/div>\n\t\t\t\t<div class=\"elementor-element elementor-element-2bfc1a0 elementor-widget elementor-widget-video\" data-id=\"2bfc1a0\" data-element_type=\"widget\" data-e-type=\"widget\" data-settings=\"{&quot;video_type&quot;:&quot;hosted&quot;,&quot;controls&quot;:&quot;yes&quot;}\" data-widget_type=\"video.default\">\n\t\t\t\t<div class=\"elementor-widget-container\">\n\t\t\t\t\t\t\t<div class=\"e-hosted-video elementor-wrapper elementor-open-inline\">\n\t\t\t\t\t<video class=\"elementor-video\" src=\"http:\/\/seelenreisen-aegypten.com\/wp-content\/uploads\/2026\/03\/Isis-Gate_20260317_105256_0000.mp4\" controls=\"\" preload=\"metadata\" controlsList=\"nodownload\" poster=\"http:\/\/seelenreisen-aegypten.com\/wp-content\/uploads\/2026\/03\/44_20251103_163751_0043.png\"><\/video>\n\t\t\t\t<\/div>\n\t\t\t\t\t\t<\/div>\n\t\t\t\t<\/div>\n\t\t\t\t<\/div>\n\t\t<div class=\"elementor-element elementor-element-5575891 e-con-full e-flex e-con e-child\" data-id=\"5575891\" data-element_type=\"container\" data-e-type=\"container\">\n\t\t\t\t<div class=\"elementor-element elementor-element-8844589 elementor-widget elementor-widget-heading\" data-id=\"8844589\" data-element_type=\"widget\" data-e-type=\"widget\" data-widget_type=\"heading.default\">\n\t\t\t\t<div class=\"elementor-widget-container\">\n\t\t\t\t\t<h2 class=\"elementor-heading-title elementor-size-default\">45. die 7 T\u00fcren des Osiris<\/h2>\t\t\t\t<\/div>\n\t\t\t\t<\/div>\n\t\t\t\t<div class=\"elementor-element elementor-element-1807c78 elementor-widget elementor-widget-video\" data-id=\"1807c78\" data-element_type=\"widget\" data-e-type=\"widget\" data-settings=\"{&quot;video_type&quot;:&quot;hosted&quot;,&quot;controls&quot;:&quot;yes&quot;}\" data-widget_type=\"video.default\">\n\t\t\t\t<div class=\"elementor-widget-container\">\n\t\t\t\t\t\t\t<div class=\"e-hosted-video elementor-wrapper elementor-open-inline\">\n\t\t\t\t\t<video class=\"elementor-video\" src=\"http:\/\/seelenreisen-aegypten.com\/wp-content\/uploads\/2026\/03\/7-Doors_20260320_165944_0000.mp4\" controls=\"\" preload=\"metadata\" controlsList=\"nodownload\" poster=\"http:\/\/seelenreisen-aegypten.com\/wp-content\/uploads\/2026\/03\/Seelenreisen-Aegypten-Orakel_20260127_160743_0000.png\"><\/video>\n\t\t\t\t<\/div>\n\t\t\t\t\t\t<\/div>\n\t\t\t\t<\/div>\n\t\t\t\t<\/div>\n\t\t\t\t\t<\/div>\n\t\t\t\t<\/div>\n\t\t<div class=\"elementor-element elementor-element-defe948 e-flex e-con-boxed e-con e-parent\" data-id=\"defe948\" data-element_type=\"container\" data-e-type=\"container\">\n\t\t\t\t\t<div class=\"e-con-inner\">\n\t\t\t\t<div class=\"elementor-element elementor-element-58d8ba8 elementor-widget-divider--view-line elementor-widget elementor-widget-divider\" data-id=\"58d8ba8\" data-element_type=\"widget\" data-e-type=\"widget\" data-widget_type=\"divider.default\">\n\t\t\t\t<div class=\"elementor-widget-container\">\n\t\t\t\t\t\t\t<div class=\"elementor-divider\">\n\t\t\t<span class=\"elementor-divider-separator\">\n\t\t\t\t\t\t<\/span>\n\t\t<\/div>\n\t\t\t\t\t\t<\/div>\n\t\t\t\t<\/div>\n\t\t\t\t\t<\/div>\n\t\t\t\t<\/div>\n\t\t<div class=\"elementor-element elementor-element-525bf6b e-flex e-con-boxed e-con e-parent\" data-id=\"525bf6b\" data-element_type=\"container\" data-e-type=\"container\">\n\t\t\t\t\t<div class=\"e-con-inner\">\n\t\t<div class=\"elementor-element elementor-element-2f05b88 e-con-full e-flex e-con e-child\" data-id=\"2f05b88\" data-element_type=\"container\" data-e-type=\"container\">\n\t\t\t\t<div class=\"elementor-element elementor-element-3f71ed1 elementor-widget elementor-widget-heading\" data-id=\"3f71ed1\" data-element_type=\"widget\" data-e-type=\"widget\" data-widget_type=\"heading.default\">\n\t\t\t\t<div class=\"elementor-widget-container\">\n\t\t\t\t\t<h2 class=\"elementor-heading-title elementor-size-default\">29. Scho\u00df der gro\u00dfen Mutter<\/h2>\t\t\t\t<\/div>\n\t\t\t\t<\/div>\n\t\t\t\t<div class=\"elementor-element elementor-element-7f14b59 elementor-widget elementor-widget-video\" data-id=\"7f14b59\" data-element_type=\"widget\" data-e-type=\"widget\" data-settings=\"{&quot;youtube_url&quot;:&quot;https:\\\/\\\/youtu.be\\\/YgkveloHCZ8?si=FdDb_teOgskiHsrj&quot;,&quot;video_type&quot;:&quot;youtube&quot;,&quot;controls&quot;:&quot;yes&quot;}\" data-widget_type=\"video.default\">\n\t\t\t\t<div class=\"elementor-widget-container\">\n\t\t\t\t\t\t\t<div class=\"elementor-wrapper elementor-open-inline\">\n\t\t\t<div class=\"elementor-video\"><\/div>\t\t<\/div>\n\t\t\t\t\t\t<\/div>\n\t\t\t\t<\/div>\n\t\t\t\t<\/div>\n\t\t<div class=\"elementor-element elementor-element-e5190b3 e-con-full e-flex e-con e-child\" data-id=\"e5190b3\" data-element_type=\"container\" data-e-type=\"container\">\n\t\t\t\t<\/div>\n\t\t\t\t\t<\/div>\n\t\t\t\t<\/div>\n\t\t\t\t<\/div>\n\t\t","protected":false},"excerpt":{"rendered":"<p>Hier findest du die Energie Aktivierungen zu den jeweiligen Karten. Du hast eine der Karten gelegt, welche eine Energie-\u00dcbertragung f\u00fcr dich bereit halten? Dann kannst &hellip; <\/p>\n","protected":false},"author":1,"featured_media":0,"parent":0,"menu_order":0,"comment_status":"closed","ping_status":"closed","template":"","meta":{"om_disable_all_campaigns":false,"_monsterinsights_skip_tracking":false,"_monsterinsights_sitenote_active":false,"_monsterinsights_sitenote_note":"","_monsterinsights_sitenote_category":0,"_uf_show_specific_survey":0,"_uf_disable_surveys":false,"footnotes":""},"class_list":["post-2833","page","type-page","status-publish","hentry","latest_post"],"aioseo_notices":[],"jetpack_sharing_enabled":true,"_links":{"self":[{"href":"https:\/\/seelenreisen-aegypten.com\/index.php\/wp-json\/wp\/v2\/pages\/2833","targetHints":{"allow":["GET"]}}],"collection":[{"href":"https:\/\/seelenreisen-aegypten.com\/index.php\/wp-json\/wp\/v2\/pages"}],"about":[{"href":"https:\/\/seelenreisen-aegypten.com\/index.php\/wp-json\/wp\/v2\/types\/page"}],"author":[{"embeddable":true,"href":"https:\/\/seelenreisen-aegypten.com\/index.php\/wp-json\/wp\/v2\/users\/1"}],"replies":[{"embeddable":true,"href":"https:\/\/seelenreisen-aegypten.com\/index.php\/wp-json\/wp\/v2\/comments?post=2833"}],"version-history":[{"count":49,"href":"https:\/\/seelenreisen-aegypten.com\/index.php\/wp-json\/wp\/v2\/pages\/2833\/revisions"}],"predecessor-version":[{"id":2964,"href":"https:\/\/seelenreisen-aegypten.com\/index.php\/wp-json\/wp\/v2\/pages\/2833\/revisions\/2964"}],"wp:attachment":[{"href":"https:\/\/seelenreisen-aegypten.com\/index.php\/wp-json\/wp\/v2\/media?parent=2833"}],"curies":[{"name":"wp","href":"https:\/\/api.w.org\/{rel}","templated":true}]}}